{"id":203,"date":"2023-06-13T14:03:02","date_gmt":"2023-06-13T14:03:02","guid":{"rendered":"https:\/\/zeiterfass6438.live-website.com\/?page_id=203"},"modified":"2023-06-13T14:03:02","modified_gmt":"2023-06-13T14:03:02","slug":"hoechstarbeitszeit","status":"publish","type":"page","link":"https:\/\/zeiterfass.de\/?page_id=203","title":{"rendered":"H\u00f6chstarbeitszeit"},"content":{"rendered":"<p>[et_pb_section fb_built=&#8220;1&#8243; _builder_version=&#8220;4.21.0&#8243; _module_preset=&#8220;default&#8220; global_colors_info=&#8220;{}&#8220;][et_pb_row _builder_version=&#8220;4.21.0&#8243; _module_preset=&#8220;default&#8220; global_colors_info=&#8220;{}&#8220;][et_pb_column type=&#8220;4_4&#8243; _builder_version=&#8220;4.21.0&#8243; _module_preset=&#8220;default&#8220; global_colors_info=&#8220;{}&#8220;][et_pb_text _builder_version=&#8220;4.21.0&#8243; _module_preset=&#8220;default&#8220; header_font=&#8220;Open Sans||||||||&#8220; header_text_color=&#8220;#fdc731&#8243; header_font_size=&#8220;38px&#8220; header_2_text_color=&#8220;#fdc731&#8243; header_2_font_size=&#8220;39px&#8220; global_colors_info=&#8220;{}&#8220;]<\/p>\n<h2>Ruhezeiten<\/h2>\n<p>[\/et_pb_text][et_pb_text _builder_version=&#8220;4.21.0&#8243; _module_preset=&#8220;default&#8220; text_font=&#8220;Open Sans||||||||&#8220; text_font_size=&#8220;16px&#8220; header_font=&#8220;Open Sans||||||||&#8220; header_text_color=&#8220;#fdc731&#8243; hover_enabled=&#8220;0&#8243; global_colors_info=&#8220;{}&#8220; sticky_enabled=&#8220;0&#8243;]<\/p>\n<h2>Was versteht man unter der H\u00f6chstarbeitszeit?<\/h2>\n<p>Die H\u00f6chstarbeitszeit ist die maximale Stundenzahl, die ein Arbeitnehmer pro Tag oder Woche arbeiten darf. In Deutschland ist die t\u00e4gliche H\u00f6chstarbeitszeit im Arbeitszeitgesetz auf acht Stunden festgelegt, kann aber in bestimmten F\u00e4llen auf bis zu zehn Stunden verl\u00e4ngert werden. Die w\u00f6chentliche H\u00f6chstarbeitszeit betr\u00e4gt 48 Stunden, kann aber auf bis zu 60 Stunden verl\u00e4ngert werden. Eine Verl\u00e4ngerung der Arbeitszeit muss durch eine entsprechende Verk\u00fcrzung der Arbeitszeit ausgeglichen werden.<\/p>\n<h2>Regelungen und Ausnahmen<\/h2>\n<blockquote>\n<p>Die Einhaltung der H\u00f6chstarbeitszeit ist im <a href=\"\/lexikon\/arbeitszeitgesetz\">Arbeitszeitgesetz<\/a> geregelt. Dieses Gesetz enth\u00e4lt Bestimmungen \u00fcber die zul\u00e4ssige H\u00f6chstarbeitszeit sowie Vorschriften \u00fcber die einzuhaltenden Ruhepausen und Ruhezeiten. Von diesen Regelungen gibt es jedoch Ausnahmen. In bestimmten Notf\u00e4llen, wie zum Beispiel beim Hochwasserschutz, darf die gesetzliche H\u00f6chstarbeitszeit \u00fcberschritten werden. Auch in Tarifvertr\u00e4gen k\u00f6nnen Arbeitszeiten vereinbart werden, die \u00fcber die gesetzlichen H\u00f6chstarbeitszeiten hinausgehen.<\/p>\n<\/blockquote>\n<h2>Arbeitszeitmodelle und Zeiterfassung<\/h2>\n<p>Arbeitszeitmodelle dienen dazu, einen m\u00f6glichst l\u00fcckenlosen und reibungslosen Arbeitsablauf zu organisieren. Sie legen die t\u00e4gliche, w\u00f6chentliche und j\u00e4hrliche Arbeitszeit fest. Unabh\u00e4ngig vom gew\u00e4hlten Arbeitszeitmodell muss der Arbeitgeber daf\u00fcr sorgen, dass die Vorgaben des Arbeitszeitgesetzes eingehalten werden. Ein wichtiges Instrument zur Kontrolle der Einhaltung der Arbeitszeit ist die Arbeitszeiterfassung. Sie erm\u00f6glicht es, Beginn, Ende und Dauer der Arbeitszeit der Arbeitnehmerinnen und Arbeitnehmer zu erfassen.<\/p>\n<h2>Gesetzliche Ruhepausen und Ruhezeiten<\/h2>\n<p>Neben der eigentlichen Arbeitszeit m\u00fcssen auch die gesetzlichen <a href=\"\/lexikon\/ruhezeiten\">Pausen- und Ruhezeiten<\/a> eingehalten werden. Bei einer Arbeitszeit von mehr als sechs bis zu neun Stunden m\u00fcssen die Besch\u00e4ftigten Ruhepausen von insgesamt mindestens 30 Minuten einlegen. Bei einer Arbeitszeit von mehr als neun Stunden betr\u00e4gt die Mindestdauer der Ruhepausen 45 Minuten. Zwischen zwei Arbeitstagen muss ein Zeitraum von mindestens elf Stunden liegen.<\/p>\n<h2>Fazit<\/h2>\n<p>Die Einhaltung der H\u00f6chstarbeitszeit ist ein wichtiger Aspekt des Arbeitsrechts und dient dem Schutz der Arbeitnehmer. Es liegt in der Verantwortung des Arbeitgebers, die Einhaltung dieser Zeiten zu \u00fcberwachen und sicherzustellen, dass die gesetzlichen Bestimmungen eingehalten werden. Verst\u00f6\u00dfe gegen das Arbeitszeitgesetz k\u00f6nnen sowohl rechtliche als auch finanzielle Folgen haben. Daher ist es f\u00fcr Arbeitgeber und Arbeitnehmer wichtig, die geltenden Bestimmungen zu kennen.<\/p>\n<p>[\/et_pb_text][\/et_pb_column][\/et_pb_row][\/et_pb_section]<\/p>\n","protected":false},"excerpt":{"rendered":"<p>RuhezeitenWas versteht man unter der H\u00f6chstarbeitszeit? Die H\u00f6chstarbeitszeit ist die maximale Stundenzahl, die ein Arbeitnehmer pro Tag oder Woche arbeiten darf. In Deutschland ist die t\u00e4gliche H\u00f6chstarbeitszeit im Arbeitszeitgesetz auf acht Stunden festgelegt, kann aber in bestimmten F\u00e4llen auf bis zu zehn Stunden verl\u00e4ngert werden. Die w\u00f6chentliche H\u00f6chstarbeitszeit betr\u00e4gt 48 Stunden, kann aber auf bis [&hellip;]<\/p>\n","protected":false},"author":1,"featured_media":0,"parent":53,"menu_order":0,"comment_status":"closed","ping_status":"closed","template":"","meta":{"_et_pb_use_builder":"on","_et_pb_old_content":"[et_pb_section fb_built=\"1\" _builder_version=\"4.21.0\" _module_preset=\"default\" global_colors_info=\"{}\"][et_pb_row _builder_version=\"4.21.0\" _module_preset=\"default\" global_colors_info=\"{}\"][et_pb_column type=\"4_4\" _builder_version=\"4.21.0\" _module_preset=\"default\" global_colors_info=\"{}\"][et_pb_text _builder_version=\"4.21.0\" _module_preset=\"default\" header_font=\"Open Sans||||||||\" header_text_color=\"#fdc731\" header_font_size=\"38px\" header_2_text_color=\"#fdc731\" header_2_font_size=\"39px\" global_colors_info=\"{}\"]\n<h2>Ruhezeiten<\/h2>\n[\/et_pb_text][et_pb_text _builder_version=\"4.21.0\" _module_preset=\"default\" text_font=\"Open Sans||||||||\" text_font_size=\"16px\" header_font=\"Open Sans||||||||\" header_text_color=\"#fdc731\" global_colors_info=\"{}\"]\n<h2>Definition und Bedeutung von Ruhezeiten<\/h2>\nRuhezeiten sind im betrieblichen Kontext die Zeitr\u00e4ume, welche vom Arbeitsende eines Arbeitnehmers bis zum erneuten Arbeitsbeginn reichen. Dieser Zeitraum gilt nur dann als Ruhezeit, wenn dieser dem Mitarbeiter uneingeschr\u00e4nkt f\u00fcr private Zwecke zur Verf\u00fcgung steht. Grunds\u00e4tzlich wird zwischen t\u00e4glichen, w\u00f6chentlichen, Wochenend-, Feiertags- und Ersatzruhezeiten unterschieden.\n<h2>Ruhezeiten in verschiedenen L\u00e4ndern<\/h2>\n<h3>Ruhezeiten in \u00d6sterreich<\/h3>\nIn \u00d6sterreich sind Ruhezeiten im <a href=\"\/lexikon\/abeitsruhegesetz\">Arbeitsruhegesetz<\/a> (ARG) und <a href=\"\/lexikon\/arbeitszeitgesetz\">Arbeitszeitgesetz<\/a> (AZG) verankert. Die t\u00e4gliche Ruhezeit wird in \u00d6sterreich mit mindestens elf Stunden festgelegt. Diese kann durch den Kollektivvertrag auf acht Stunden verk\u00fcrzt werden. Die Wochenendruhe muss mindestens 36 durchgehende Stunden betragen und sp\u00e4testens am Samstag um 13 Uhr beginnen.\n<h3>Ruhezeiten in Deutschland<\/h3>\nIn Deutschland werden die Ruhezeiten im ArbZG (Arbeitszeitgesetz) festgelegt. Die t\u00e4gliche Ruhezeit betr\u00e4gt, wie in \u00d6sterreich, elf Stunden. In Einrichtungen zur Pflege, wie z.b. Krankenh\u00e4usern, oder Gastst\u00e4tten kann die Ruhezeit bis um eine Stunde verk\u00fcrzt werden.\n<h3>Ruhezeiten in der Schweiz<\/h3>\nIn der Schweiz werden Ruhezeiten im Arbeitsgesetz (ArG) geregelt. Dabei wird von derselben t\u00e4glichen Ruhezeit wie in \u00d6sterreich und Deutschland Gebrauch gemacht, n\u00e4mlich elf Stunden. Zudem muss dem Arbeitnehmer ein w\u00f6chentlicher Ruhetag gew\u00e4hrt werden. Dieser Freizeitraum muss mindestens 35 Stunden betragen und den ganzen Sonntag (bis 23 Uhr) einschlie\u00dfen.\n<h2>Ruhezeiten in der Praxis<\/h2>\nRuhezeiten sind f\u00fcr alle Arbeitsformen, einschlie\u00dflich Schichtarbeit, gesetzlich vorgeschrieben. In bestimmten Branchen, wie Pflegeeinrichtungen, Gastst\u00e4tten, Rundfunkanstalten, landwirtschaftlichen Betrieben, Betrieben mit Tierhaltung und Verkehrsbetrieben, k\u00f6nnen jedoch Ausnahmen gelten. In diesen F\u00e4llen muss die Ruhezeit innerhalb von vier Wochen vollst\u00e4ndig ausgeglichen werden.\n<h2>Hilfsmittel zur Einhaltung der Ruhezeiten<\/h2>\nEine Software zur Mitarbeiter Zeiterfassung kann dabei helfen, einen \u00dcberblick \u00fcber die Arbeitszeiten der Arbeitnehmer zu gewinnen. Daraufhin k\u00f6nnen die Ruhezeiten aufgrund der gebuchten Beginn- und Endzeiten berechnet werden. Bei Unterschreitungen der Ruhezeiten werden f\u00fcr Arbeitnehmer und Arbeitgeber im System ersichtlich, sodass Ma\u00dfnahmen getroffen werden k\u00f6nnen, um diese Unterschreitung zeitnah auszugleichen.\n<h2>Schlussfolgerung<\/h2>\nRuhezeiten sind ein wichtiger Aspekt des Arbeitsrechts, der sowohl f\u00fcr Arbeitgeber als auch f\u00fcr Arbeitnehmer von Bedeutung ist. Sie tragen zur Gesundheit und zum Wohlbefinden der Arbeitnehmer bei und helfen, die Produktivit\u00e4t und Effizienz am Arbeitsplatz zu erh\u00f6hen. Es ist daher wichtig, dassUnternehmen die gesetzlichen Bestimmungen in Bezug auf Ruhezeiten einhalten und geeignete Ma\u00dfnahmen ergreifen, um sicherzustellen, dass ihre Mitarbeiter ausreichend Ruhezeiten haben. Mit der richtigen Planung und den richtigen Tools k\u00f6nnen Unternehmen sicherstellen, dass sie die Ruhezeiten ihrer Mitarbeiter effektiv verwalten und gleichzeitig die Einhaltung der gesetzlichen Bestimmungen gew\u00e4hrleisten.\n\n[\/et_pb_text][\/et_pb_column][\/et_pb_row][\/et_pb_section]","_et_gb_content_width":"","footnotes":""},"categories":[],"tags":[12],"class_list":["post-203","page","type-page","status-publish","hentry","tag-hoechstarbeitszeit"],"yoast_head":"<!-- This site is optimized with the Yoast SEO plugin v24.3 - https:\/\/yoast.com\/wordpress\/plugins\/seo\/ -->\n<title>H\u00f6chstarbeitszeit - Zeiterfass.de<\/title>\n<meta name=\"robots\" content=\"noindex, follow, max-snippet:-1, max-image-preview:large, max-video-preview:-1\" \/>\n<meta property=\"og:locale\" content=\"de_DE\" \/>\n<meta property=\"og:type\" content=\"article\" \/>\n<meta property=\"og:title\" content=\"H\u00f6chstarbeitszeit - Zeiterfass.de\" \/>\n<meta property=\"og:description\" content=\"RuhezeitenWas versteht man unter der H\u00f6chstarbeitszeit? Die H\u00f6chstarbeitszeit ist die maximale Stundenzahl, die ein Arbeitnehmer pro Tag oder Woche arbeiten darf. In Deutschland ist die t\u00e4gliche H\u00f6chstarbeitszeit im Arbeitszeitgesetz auf acht Stunden festgelegt, kann aber in bestimmten F\u00e4llen auf bis zu zehn Stunden verl\u00e4ngert werden. Die w\u00f6chentliche H\u00f6chstarbeitszeit betr\u00e4gt 48 Stunden, kann aber auf bis [&hellip;]\" \/>\n<meta property=\"og:url\" content=\"https:\/\/zeiterfass.de\/?page_id=203\" \/>\n<meta property=\"og:site_name\" content=\"Zeiterfass.de\" \/>\n<meta name=\"twitter:card\" content=\"summary_large_image\" \/>\n<meta name=\"twitter:label1\" content=\"Gesch\u00e4tzte Lesezeit\" \/>\n\t<meta name=\"twitter:data1\" content=\"3\u00a0Minuten\" \/>\n<script type=\"application\/ld+json\" class=\"yoast-schema-graph\">{\"@context\":\"https:\/\/schema.org\",\"@graph\":[{\"@type\":\"WebPage\",\"@id\":\"https:\/\/zeiterfass.de\/?page_id=203\",\"url\":\"https:\/\/zeiterfass.de\/?page_id=203\",\"name\":\"H\u00f6chstarbeitszeit - Zeiterfass.de\",\"isPartOf\":{\"@id\":\"\/#website\"},\"datePublished\":\"2023-06-13T14:03:02+00:00\",\"dateModified\":\"2023-06-13T14:03:02+00:00\",\"breadcrumb\":{\"@id\":\"https:\/\/zeiterfass.de\/?page_id=203#breadcrumb\"},\"inLanguage\":\"de\",\"potentialAction\":[{\"@type\":\"ReadAction\",\"target\":[\"https:\/\/zeiterfass.de\/?page_id=203\"]}]},{\"@type\":\"BreadcrumbList\",\"@id\":\"https:\/\/zeiterfass.de\/?page_id=203#breadcrumb\",\"itemListElement\":[{\"@type\":\"ListItem\",\"position\":1,\"name\":\"Startseite\",\"item\":\"https:\/\/zeiterfass.de\/\"},{\"@type\":\"ListItem\",\"position\":2,\"name\":\"Lexikon\",\"item\":\"https:\/\/zeiterfass.de\/?page_id=53\"},{\"@type\":\"ListItem\",\"position\":3,\"name\":\"H\u00f6chstarbeitszeit\"}]},{\"@type\":\"WebSite\",\"@id\":\"\/#website\",\"url\":\"\/\",\"name\":\"Zeiterfass.de\",\"description\":\"\",\"potentialAction\":[{\"@type\":\"SearchAction\",\"target\":{\"@type\":\"EntryPoint\",\"urlTemplate\":\"\/?s={search_term_string}\"},\"query-input\":{\"@type\":\"PropertyValueSpecification\",\"valueRequired\":true,\"valueName\":\"search_term_string\"}}],\"inLanguage\":\"de\"}]}<\/script>\n<!-- \/ Yoast SEO plugin. -->","yoast_head_json":{"title":"H\u00f6chstarbeitszeit - Zeiterfass.de","robots":{"index":"noindex","follow":"follow","max-snippet":"max-snippet:-1","max-image-preview":"max-image-preview:large","max-video-preview":"max-video-preview:-1"},"og_locale":"de_DE","og_type":"article","og_title":"H\u00f6chstarbeitszeit - Zeiterfass.de","og_description":"RuhezeitenWas versteht man unter der H\u00f6chstarbeitszeit? Die H\u00f6chstarbeitszeit ist die maximale Stundenzahl, die ein Arbeitnehmer pro Tag oder Woche arbeiten darf. In Deutschland ist die t\u00e4gliche H\u00f6chstarbeitszeit im Arbeitszeitgesetz auf acht Stunden festgelegt, kann aber in bestimmten F\u00e4llen auf bis zu zehn Stunden verl\u00e4ngert werden. Die w\u00f6chentliche H\u00f6chstarbeitszeit betr\u00e4gt 48 Stunden, kann aber auf bis [&hellip;]","og_url":"https:\/\/zeiterfass.de\/?page_id=203","og_site_name":"Zeiterfass.de","twitter_card":"summary_large_image","twitter_misc":{"Gesch\u00e4tzte Lesezeit":"3\u00a0Minuten"},"schema":{"@context":"https:\/\/schema.org","@graph":[{"@type":"WebPage","@id":"https:\/\/zeiterfass.de\/?page_id=203","url":"https:\/\/zeiterfass.de\/?page_id=203","name":"H\u00f6chstarbeitszeit - Zeiterfass.de","isPartOf":{"@id":"\/#website"},"datePublished":"2023-06-13T14:03:02+00:00","dateModified":"2023-06-13T14:03:02+00:00","breadcrumb":{"@id":"https:\/\/zeiterfass.de\/?page_id=203#breadcrumb"},"inLanguage":"de","potentialAction":[{"@type":"ReadAction","target":["https:\/\/zeiterfass.de\/?page_id=203"]}]},{"@type":"BreadcrumbList","@id":"https:\/\/zeiterfass.de\/?page_id=203#breadcrumb","itemListElement":[{"@type":"ListItem","position":1,"name":"Startseite","item":"https:\/\/zeiterfass.de\/"},{"@type":"ListItem","position":2,"name":"Lexikon","item":"https:\/\/zeiterfass.de\/?page_id=53"},{"@type":"ListItem","position":3,"name":"H\u00f6chstarbeitszeit"}]},{"@type":"WebSite","@id":"\/#website","url":"\/","name":"Zeiterfass.de","description":"","potentialAction":[{"@type":"SearchAction","target":{"@type":"EntryPoint","urlTemplate":"\/?s={search_term_string}"},"query-input":{"@type":"PropertyValueSpecification","valueRequired":true,"valueName":"search_term_string"}}],"inLanguage":"de"}]}},"_links":{"self":[{"href":"https:\/\/zeiterfass.de\/index.php?rest_route=\/wp\/v2\/pages\/203","targetHints":{"allow":["GET"]}}],"collection":[{"href":"https:\/\/zeiterfass.de\/index.php?rest_route=\/wp\/v2\/pages"}],"about":[{"href":"https:\/\/zeiterfass.de\/index.php?rest_route=\/wp\/v2\/types\/page"}],"author":[{"embeddable":true,"href":"https:\/\/zeiterfass.de\/index.php?rest_route=\/wp\/v2\/users\/1"}],"replies":[{"embeddable":true,"href":"https:\/\/zeiterfass.de\/index.php?rest_route=%2Fwp%2Fv2%2Fcomments&post=203"}],"version-history":[{"count":3,"href":"https:\/\/zeiterfass.de\/index.php?rest_route=\/wp\/v2\/pages\/203\/revisions"}],"predecessor-version":[{"id":207,"href":"https:\/\/zeiterfass.de\/index.php?rest_route=\/wp\/v2\/pages\/203\/revisions\/207"}],"up":[{"embeddable":true,"href":"https:\/\/zeiterfass.de\/index.php?rest_route=\/wp\/v2\/pages\/53"}],"wp:attachment":[{"href":"https:\/\/zeiterfass.de\/index.php?rest_route=%2Fwp%2Fv2%2Fmedia&parent=203"}],"wp:term":[{"taxonomy":"category","embeddable":true,"href":"https:\/\/zeiterfass.de\/index.php?rest_route=%2Fwp%2Fv2%2Fcategories&post=203"},{"taxonomy":"post_tag","embeddable":true,"href":"https:\/\/zeiterfass.de\/index.php?rest_route=%2Fwp%2Fv2%2Ftags&post=203"}],"curies":[{"name":"wp","href":"https:\/\/api.w.org\/{rel}","templated":true}]}}