{"id":127,"date":"2023-06-13T12:04:29","date_gmt":"2023-06-13T12:04:29","guid":{"rendered":"http:\/\/zeiterfass.de\/?page_id=127"},"modified":"2023-06-13T12:04:29","modified_gmt":"2023-06-13T12:04:29","slug":"zeiterfassungsprogramme","status":"publish","type":"page","link":"https:\/\/zeiterfass.de\/?page_id=127","title":{"rendered":"Zeiterfassungsprogramme"},"content":{"rendered":"<p>[et_pb_section fb_built=&#8220;1&#8243; _builder_version=&#8220;4.21.0&#8243; _module_preset=&#8220;default&#8220; global_colors_info=&#8220;{}&#8220;][et_pb_row _builder_version=&#8220;4.21.0&#8243; _module_preset=&#8220;default&#8220; global_colors_info=&#8220;{}&#8220;][et_pb_column type=&#8220;4_4&#8243; _builder_version=&#8220;4.21.0&#8243; _module_preset=&#8220;default&#8220; global_colors_info=&#8220;{}&#8220;][et_pb_text _builder_version=&#8220;4.21.0&#8243; _module_preset=&#8220;default&#8220; header_font=&#8220;Open Sans||||||||&#8220; header_text_color=&#8220;#fdc731&#8243; header_font_size=&#8220;38px&#8220; header_2_text_color=&#8220;#fdc731&#8243; header_2_font_size=&#8220;39px&#8220; hover_enabled=&#8220;0&#8243; global_colors_info=&#8220;{}&#8220; sticky_enabled=&#8220;0&#8243;]<\/p>\n<h2>Zeiterfassungsprogramme<\/h2>\n<p>[\/et_pb_text][et_pb_text _builder_version=&#8220;4.21.0&#8243; _module_preset=&#8220;default&#8220; text_font=&#8220;Open Sans||||||||&#8220; text_font_size=&#8220;16px&#8220; header_font=&#8220;Open Sans||||||||&#8220; header_text_color=&#8220;#fdc731&#8243; global_colors_info=&#8220;{}&#8220;]<\/p>\n<h2>Was sind Zeiterfassungsprogramme?<\/h2>\n<p>Zeiterfassungsprogramme sind digitale Systeme, die dazu dienen, die Arbeitszeiten von Mitarbeitern zu dokumentieren und zu verwalten. Diese Programme sind ein wesentlicher Bestandteil des Personalwesens in Unternehmen und k\u00f6nnen eine Vielzahl von Funktionen bieten, von der einfachen Erfassung der An- und Abwesenheitszeiten bis hin zur detaillierten Analyse der Arbeitszeiten und Produktivit\u00e4t.<\/p>\n<h2>Die Entwicklung der Zeiterfassung<\/h2>\n<p>Die Zeiterfassung hat eine lange Geschichte. Fr\u00fcher wurden Arbeitszeiten mit Stech- oder Stempeluhren erfasst und die Daten manuell ausgewertet. Heute haben digitale Zeiterfassungsprogramme diese veralteten Methoden ersetzt. Sie bieten eine schnelle, einfache und genaue Erfassung der Arbeitszeiten aller Mitarbeiter. Mit modernen Systemen k\u00f6nnen Sie den Beginn und das Ende des Arbeitstages jedes Mitarbeiters einfach online buchen. Gesetzlich vorgeschriebene Mindestpausen werden entweder automatisch abgezogen oder der Mitarbeiter checkt sich zur Mittagspause kurz aus dem System aus.<\/p>\n<h2>Funktionen und Vorteile von Zeiterfassungsprogrammen<\/h2>\n<p>Zeiterfassungsprogramme bieten eine Vielzahl von Funktionen, die sowohl f\u00fcr Arbeitgeber als auch f\u00fcr Arbeitnehmer von Vorteil sind. Sie erm\u00f6glichen es den Mitarbeitern, ihre Arbeitszeiten flexibel von \u00fcberall zu erfassen und bieten einen genauen Nachweis \u00fcber die absolvierten Arbeitsstunden. Dar\u00fcber hinaus k\u00f6nnen sie auch f\u00fcr die Urlaubsplanung genutzt werden.<\/p>\n<p>F\u00fcr Arbeitgeber bieten Zeiterfassungsprogramme den Vorteil, dass sie die Produktivit\u00e4t und den betrieblichen Erfolg langfristig steigern k\u00f6nnen. Durch die Analyse der gesammelten Daten k\u00f6nnen Arbeitsabl\u00e4ufe und Prozesse im Unternehmen angepasst, umstrukturiert und optimiert werden.<\/p>\n<h2>Datenschutz und rechtliche Aspekte<\/h2>\n<p>Bei der Verwendung von Zeiterfassungsprogrammen m\u00fcssen Arbeitgeber bestimmte rechtliche Aspekte ber\u00fccksichtigen. Dazu geh\u00f6rt, dass der Arbeitnehmer Zugriff auf seine dokumentierten Daten haben muss und dass die Datenschutz-Grundverordnung (DSGVO) der EU eingehalten werden muss. Dar\u00fcber hinaus hat der Mitarbeiter das Recht, die gesammelten Zeitdaten jederzeit einzusehen.<\/p>\n<h2>Die besten Zeiterfassungsprogramme<\/h2>\n<p>Es gibt eine Vielzahl von Zeiterfassungsprogrammen auf dem Markt, und die Wahl des richtigen kann eine Herausforderung sein. Um Ihnen bei dieser Entscheidung zu helfen, haben wir einen Vergleich <a href=\"zeiterfass.de\">der besten Zeiterfassungssysteme<\/a> erstellt. Hier finden Sie detaillierte Informationen \u00fcber die Funktionen, Vorteile und Kosten der verschiedenen Programme.<\/p>\n<p>Insgesamt sind Zeiterfassungsprogramme ein unverzichtbares Werkzeug f\u00fcr moderne Unternehmen. Sie bieten nicht nur eine effiziente M\u00f6glichkeit, die Arbeitszeiten der Mitarbeiter zu verwalten, sondern auch wertvolle Einblicke, die zur Verbesserung der Produktivit\u00e4t und Effizienz beitragen k\u00f6nnen.<\/p>\n<p>[\/et_pb_text][\/et_pb_column][\/et_pb_row][\/et_pb_section]<\/p>\n","protected":false},"excerpt":{"rendered":"<p>ZeiterfassungsprogrammeWas sind Zeiterfassungsprogramme? Zeiterfassungsprogramme sind digitale Systeme, die dazu dienen, die Arbeitszeiten von Mitarbeitern zu dokumentieren und zu verwalten. Diese Programme sind ein wesentlicher Bestandteil des Personalwesens in Unternehmen und k\u00f6nnen eine Vielzahl von Funktionen bieten, von der einfachen Erfassung der An- und Abwesenheitszeiten bis hin zur detaillierten Analyse der Arbeitszeiten und Produktivit\u00e4t. Die Entwicklung [&hellip;]<\/p>\n","protected":false},"author":1,"featured_media":0,"parent":53,"menu_order":0,"comment_status":"closed","ping_status":"closed","template":"","meta":{"_et_pb_use_builder":"on","_et_pb_old_content":"[et_pb_section fb_built=\"1\" _builder_version=\"4.21.0\" _module_preset=\"default\" global_colors_info=\"{}\"][et_pb_row _builder_version=\"4.21.0\" _module_preset=\"default\" global_colors_info=\"{}\"][et_pb_column type=\"4_4\" _builder_version=\"4.21.0\" _module_preset=\"default\" global_colors_info=\"{}\"][et_pb_text _builder_version=\"4.21.0\" _module_preset=\"default\" header_font=\"Open Sans||||||||\" header_text_color=\"#fdc731\" header_font_size=\"38px\" header_2_text_color=\"#fdc731\" header_2_font_size=\"39px\" global_colors_info=\"{}\"]\n<h2>Ruhezeiten<\/h2>\n[\/et_pb_text][et_pb_text _builder_version=\"4.21.0\" _module_preset=\"default\" text_font=\"Open Sans||||||||\" text_font_size=\"16px\" header_font=\"Open Sans||||||||\" header_text_color=\"#fdc731\" global_colors_info=\"{}\"]\n<h2>Definition und Bedeutung von Ruhezeiten<\/h2>\nRuhezeiten sind im betrieblichen Kontext die Zeitr\u00e4ume, welche vom Arbeitsende eines Arbeitnehmers bis zum erneuten Arbeitsbeginn reichen. Dieser Zeitraum gilt nur dann als Ruhezeit, wenn dieser dem Mitarbeiter uneingeschr\u00e4nkt f\u00fcr private Zwecke zur Verf\u00fcgung steht. Grunds\u00e4tzlich wird zwischen t\u00e4glichen, w\u00f6chentlichen, Wochenend-, Feiertags- und Ersatzruhezeiten unterschieden.\n<h2>Ruhezeiten in verschiedenen L\u00e4ndern<\/h2>\n<h3>Ruhezeiten in \u00d6sterreich<\/h3>\nIn \u00d6sterreich sind Ruhezeiten im <a href=\"\/lexikon\/abeitsruhegesetz\">Arbeitsruhegesetz<\/a> (ARG) und <a href=\"\/lexikon\/arbeitszeitgesetz\">Arbeitszeitgesetz<\/a> (AZG) verankert. Die t\u00e4gliche Ruhezeit wird in \u00d6sterreich mit mindestens elf Stunden festgelegt. Diese kann durch den Kollektivvertrag auf acht Stunden verk\u00fcrzt werden. Die Wochenendruhe muss mindestens 36 durchgehende Stunden betragen und sp\u00e4testens am Samstag um 13 Uhr beginnen.\n<h3>Ruhezeiten in Deutschland<\/h3>\nIn Deutschland werden die Ruhezeiten im ArbZG (Arbeitszeitgesetz) festgelegt. Die t\u00e4gliche Ruhezeit betr\u00e4gt, wie in \u00d6sterreich, elf Stunden. In Einrichtungen zur Pflege, wie z.b. Krankenh\u00e4usern, oder Gastst\u00e4tten kann die Ruhezeit bis um eine Stunde verk\u00fcrzt werden.\n<h3>Ruhezeiten in der Schweiz<\/h3>\nIn der Schweiz werden Ruhezeiten im Arbeitsgesetz (ArG) geregelt. Dabei wird von derselben t\u00e4glichen Ruhezeit wie in \u00d6sterreich und Deutschland Gebrauch gemacht, n\u00e4mlich elf Stunden. Zudem muss dem Arbeitnehmer ein w\u00f6chentlicher Ruhetag gew\u00e4hrt werden. Dieser Freizeitraum muss mindestens 35 Stunden betragen und den ganzen Sonntag (bis 23 Uhr) einschlie\u00dfen.\n<h2>Ruhezeiten in der Praxis<\/h2>\nRuhezeiten sind f\u00fcr alle Arbeitsformen, einschlie\u00dflich Schichtarbeit, gesetzlich vorgeschrieben. In bestimmten Branchen, wie Pflegeeinrichtungen, Gastst\u00e4tten, Rundfunkanstalten, landwirtschaftlichen Betrieben, Betrieben mit Tierhaltung und Verkehrsbetrieben, k\u00f6nnen jedoch Ausnahmen gelten. In diesen F\u00e4llen muss die Ruhezeit innerhalb von vier Wochen vollst\u00e4ndig ausgeglichen werden.\n<h2>Hilfsmittel zur Einhaltung der Ruhezeiten<\/h2>\nEine Software zur Mitarbeiter Zeiterfassung kann dabei helfen, einen \u00dcberblick \u00fcber die Arbeitszeiten der Arbeitnehmer zu gewinnen. Daraufhin k\u00f6nnen die Ruhezeiten aufgrund der gebuchten Beginn- und Endzeiten berechnet werden. Bei Unterschreitungen der Ruhezeiten werden f\u00fcr Arbeitnehmer und Arbeitgeber im System ersichtlich, sodass Ma\u00dfnahmen getroffen werden k\u00f6nnen, um diese Unterschreitung zeitnah auszugleichen.\n<h2>Schlussfolgerung<\/h2>\nRuhezeiten sind ein wichtiger Aspekt des Arbeitsrechts, der sowohl f\u00fcr Arbeitgeber als auch f\u00fcr Arbeitnehmer von Bedeutung ist. Sie tragen zur Gesundheit und zum Wohlbefinden der Arbeitnehmer bei und helfen, die Produktivit\u00e4t und Effizienz am Arbeitsplatz zu erh\u00f6hen. Es ist daher wichtig, dassUnternehmen die gesetzlichen Bestimmungen in Bezug auf Ruhezeiten einhalten und geeignete Ma\u00dfnahmen ergreifen, um sicherzustellen, dass ihre Mitarbeiter ausreichend Ruhezeiten haben. Mit der richtigen Planung und den richtigen Tools k\u00f6nnen Unternehmen sicherstellen, dass sie die Ruhezeiten ihrer Mitarbeiter effektiv verwalten und gleichzeitig die Einhaltung der gesetzlichen Bestimmungen gew\u00e4hrleisten.\n\n[\/et_pb_text][\/et_pb_column][\/et_pb_row][\/et_pb_section]","_et_gb_content_width":"","footnotes":""},"categories":[],"tags":[9],"class_list":["post-127","page","type-page","status-publish","hentry","tag-zeiterfassungsprogramme"],"yoast_head":"<!-- This site is optimized with the Yoast SEO plugin v24.3 - https:\/\/yoast.com\/wordpress\/plugins\/seo\/ -->\n<title>Zeiterfassungsprogramme - Zeiterfass.de<\/title>\n<meta name=\"robots\" content=\"noindex, follow, max-snippet:-1, max-image-preview:large, max-video-preview:-1\" \/>\n<meta property=\"og:locale\" content=\"de_DE\" \/>\n<meta property=\"og:type\" content=\"article\" \/>\n<meta property=\"og:title\" content=\"Zeiterfassungsprogramme - Zeiterfass.de\" \/>\n<meta property=\"og:description\" content=\"ZeiterfassungsprogrammeWas sind Zeiterfassungsprogramme? Zeiterfassungsprogramme sind digitale Systeme, die dazu dienen, die Arbeitszeiten von Mitarbeitern zu dokumentieren und zu verwalten. Diese Programme sind ein wesentlicher Bestandteil des Personalwesens in Unternehmen und k\u00f6nnen eine Vielzahl von Funktionen bieten, von der einfachen Erfassung der An- und Abwesenheitszeiten bis hin zur detaillierten Analyse der Arbeitszeiten und Produktivit\u00e4t. Die Entwicklung [&hellip;]\" \/>\n<meta property=\"og:url\" content=\"https:\/\/zeiterfass.de\/?page_id=127\" \/>\n<meta property=\"og:site_name\" content=\"Zeiterfass.de\" \/>\n<meta name=\"twitter:card\" content=\"summary_large_image\" \/>\n<meta name=\"twitter:label1\" content=\"Gesch\u00e4tzte Lesezeit\" \/>\n\t<meta name=\"twitter:data1\" content=\"2\u00a0Minuten\" \/>\n<script type=\"application\/ld+json\" class=\"yoast-schema-graph\">{\"@context\":\"https:\/\/schema.org\",\"@graph\":[{\"@type\":\"WebPage\",\"@id\":\"https:\/\/zeiterfass.de\/?page_id=127\",\"url\":\"https:\/\/zeiterfass.de\/?page_id=127\",\"name\":\"Zeiterfassungsprogramme - Zeiterfass.de\",\"isPartOf\":{\"@id\":\"\/#website\"},\"datePublished\":\"2023-06-13T12:04:29+00:00\",\"dateModified\":\"2023-06-13T12:04:29+00:00\",\"breadcrumb\":{\"@id\":\"https:\/\/zeiterfass.de\/?page_id=127#breadcrumb\"},\"inLanguage\":\"de\",\"potentialAction\":[{\"@type\":\"ReadAction\",\"target\":[\"https:\/\/zeiterfass.de\/?page_id=127\"]}]},{\"@type\":\"BreadcrumbList\",\"@id\":\"https:\/\/zeiterfass.de\/?page_id=127#breadcrumb\",\"itemListElement\":[{\"@type\":\"ListItem\",\"position\":1,\"name\":\"Startseite\",\"item\":\"https:\/\/zeiterfass.de\/\"},{\"@type\":\"ListItem\",\"position\":2,\"name\":\"Lexikon\",\"item\":\"https:\/\/zeiterfass.de\/?page_id=53\"},{\"@type\":\"ListItem\",\"position\":3,\"name\":\"Zeiterfassungsprogramme\"}]},{\"@type\":\"WebSite\",\"@id\":\"\/#website\",\"url\":\"\/\",\"name\":\"Zeiterfass.de\",\"description\":\"\",\"potentialAction\":[{\"@type\":\"SearchAction\",\"target\":{\"@type\":\"EntryPoint\",\"urlTemplate\":\"\/?s={search_term_string}\"},\"query-input\":{\"@type\":\"PropertyValueSpecification\",\"valueRequired\":true,\"valueName\":\"search_term_string\"}}],\"inLanguage\":\"de\"}]}<\/script>\n<!-- \/ Yoast SEO plugin. -->","yoast_head_json":{"title":"Zeiterfassungsprogramme - Zeiterfass.de","robots":{"index":"noindex","follow":"follow","max-snippet":"max-snippet:-1","max-image-preview":"max-image-preview:large","max-video-preview":"max-video-preview:-1"},"og_locale":"de_DE","og_type":"article","og_title":"Zeiterfassungsprogramme - Zeiterfass.de","og_description":"ZeiterfassungsprogrammeWas sind Zeiterfassungsprogramme? Zeiterfassungsprogramme sind digitale Systeme, die dazu dienen, die Arbeitszeiten von Mitarbeitern zu dokumentieren und zu verwalten. Diese Programme sind ein wesentlicher Bestandteil des Personalwesens in Unternehmen und k\u00f6nnen eine Vielzahl von Funktionen bieten, von der einfachen Erfassung der An- und Abwesenheitszeiten bis hin zur detaillierten Analyse der Arbeitszeiten und Produktivit\u00e4t. Die Entwicklung [&hellip;]","og_url":"https:\/\/zeiterfass.de\/?page_id=127","og_site_name":"Zeiterfass.de","twitter_card":"summary_large_image","twitter_misc":{"Gesch\u00e4tzte Lesezeit":"2\u00a0Minuten"},"schema":{"@context":"https:\/\/schema.org","@graph":[{"@type":"WebPage","@id":"https:\/\/zeiterfass.de\/?page_id=127","url":"https:\/\/zeiterfass.de\/?page_id=127","name":"Zeiterfassungsprogramme - Zeiterfass.de","isPartOf":{"@id":"\/#website"},"datePublished":"2023-06-13T12:04:29+00:00","dateModified":"2023-06-13T12:04:29+00:00","breadcrumb":{"@id":"https:\/\/zeiterfass.de\/?page_id=127#breadcrumb"},"inLanguage":"de","potentialAction":[{"@type":"ReadAction","target":["https:\/\/zeiterfass.de\/?page_id=127"]}]},{"@type":"BreadcrumbList","@id":"https:\/\/zeiterfass.de\/?page_id=127#breadcrumb","itemListElement":[{"@type":"ListItem","position":1,"name":"Startseite","item":"https:\/\/zeiterfass.de\/"},{"@type":"ListItem","position":2,"name":"Lexikon","item":"https:\/\/zeiterfass.de\/?page_id=53"},{"@type":"ListItem","position":3,"name":"Zeiterfassungsprogramme"}]},{"@type":"WebSite","@id":"\/#website","url":"\/","name":"Zeiterfass.de","description":"","potentialAction":[{"@type":"SearchAction","target":{"@type":"EntryPoint","urlTemplate":"\/?s={search_term_string}"},"query-input":{"@type":"PropertyValueSpecification","valueRequired":true,"valueName":"search_term_string"}}],"inLanguage":"de"}]}},"_links":{"self":[{"href":"https:\/\/zeiterfass.de\/index.php?rest_route=\/wp\/v2\/pages\/127","targetHints":{"allow":["GET"]}}],"collection":[{"href":"https:\/\/zeiterfass.de\/index.php?rest_route=\/wp\/v2\/pages"}],"about":[{"href":"https:\/\/zeiterfass.de\/index.php?rest_route=\/wp\/v2\/types\/page"}],"author":[{"embeddable":true,"href":"https:\/\/zeiterfass.de\/index.php?rest_route=\/wp\/v2\/users\/1"}],"replies":[{"embeddable":true,"href":"https:\/\/zeiterfass.de\/index.php?rest_route=%2Fwp%2Fv2%2Fcomments&post=127"}],"version-history":[{"count":3,"href":"https:\/\/zeiterfass.de\/index.php?rest_route=\/wp\/v2\/pages\/127\/revisions"}],"predecessor-version":[{"id":130,"href":"https:\/\/zeiterfass.de\/index.php?rest_route=\/wp\/v2\/pages\/127\/revisions\/130"}],"up":[{"embeddable":true,"href":"https:\/\/zeiterfass.de\/index.php?rest_route=\/wp\/v2\/pages\/53"}],"wp:attachment":[{"href":"https:\/\/zeiterfass.de\/index.php?rest_route=%2Fwp%2Fv2%2Fmedia&parent=127"}],"wp:term":[{"taxonomy":"category","embeddable":true,"href":"https:\/\/zeiterfass.de\/index.php?rest_route=%2Fwp%2Fv2%2Fcategories&post=127"},{"taxonomy":"post_tag","embeddable":true,"href":"https:\/\/zeiterfass.de\/index.php?rest_route=%2Fwp%2Fv2%2Ftags&post=127"}],"curies":[{"name":"wp","href":"https:\/\/api.w.org\/{rel}","templated":true}]}}